{"id":1121,"date":"2017-09-13T06:28:55","date_gmt":"2017-09-13T06:28:55","guid":{"rendered":"http:\/\/www.sciences-unamur.be\/bio\/stagesciete\/?page_id=1121"},"modified":"2020-06-01T01:19:37","modified_gmt":"2020-06-01T01:19:37","slug":"pyrenees-occidentales-2017-2","status":"publish","type":"page","link":"https:\/\/www.sciences-unamur.be\/bio\/stagesciete\/index.php\/pyrenees-occidentales-2017-2\/","title":{"rendered":"Pyr\u00e9n\u00e9es Occidentales 2017"},"content":{"rendered":"<p><div class=\"fusion-fullwidth fullwidth-box nonhundred-percent-fullwidth non-hundred-percent-height-scrolling\"  style='background-color: #f6f6f6;background-position: left top;background-repeat: no-repeat;padding-top:20px;padding-right:0px;padding-bottom:20px;padding-left:0px;border-top-width:1px;border-bottom-width:1px;border-color:#e5e4e4;border-top-style:solid;border-bottom-style:solid;'><div class=\"fusion-builder-row fusion-row \"><div  class=\"fusion-layout-column fusion_builder_column fusion_builder_column_1_1 fusion-builder-column-1 fusion-one-full fusion-column-first fusion-column-last fusion-column-no-min-height 1_1\"  style='margin-top:0px;margin-bottom:0px;'>\n\t\t\t\t\t<div class=\"fusion-column-wrapper\" style=\"background-position:left top;background-repeat:no-repeat;-webkit-background-size:cover;-moz-background-size:cover;-o-background-size:cover;background-size:cover;\"   data-bg-url=\"\">\n\t\t\t\t\t\t<div class=\"fusion-text\"><h1 style=\"text-align: center; font-size: 30px;\">Le stage 2017 a eu lieu dans les Pyr\u00e9n\u00e9es Occidentales en juillet 2017. Parmi les nouveaut\u00e9s de cette ann\u00e9e, un concours photos naturaliste a \u00e9t\u00e9 organis\u00e9 et les meilleures photos expos\u00e9es \u00e0 l\u2019UNamur. De magnifiques sites ont \u00e9t\u00e9 visit\u00e9s, ainsi qu\u2019une visite sur le littoral basque. 29 \u00e9tudiants y ont particip\u00e9 et, pour la premi\u00e8re fois, des \u00e9tudiants en math\u00e9matique.<\/h1>\n<\/div><div class=\"fusion-clearfix\"><\/div>\n\n\t\t\t\t\t<\/div>\n\t\t\t\t<\/div><\/div><\/div><div class=\"fusion-fullwidth fullwidth-box nonhundred-percent-fullwidth non-hundred-percent-height-scrolling\"  style='background-color: #fff;background-position: left top;background-repeat: no-repeat;padding-top:66px;padding-right:0px;padding-bottom:50px;padding-left:0px;border-top-width:1px;border-bottom-width:1px;border-color:#f6f6f6;border-top-style:solid;border-bottom-style:solid;'><div class=\"fusion-builder-row fusion-row \"><div  class=\"fusion-layout-column fusion_builder_column fusion_builder_column_1_2 fusion-builder-column-2 fusion-one-half fusion-column-first 1_2\"  style='margin-top:0px;margin-bottom:20px;width:48%; margin-right: 4%;'>\n\t\t\t\t\t<div class=\"fusion-column-wrapper\" style=\"background-position:left top;background-repeat:no-repeat;-webkit-background-size:cover;-moz-background-size:cover;-o-background-size:cover;background-size:cover;\"   data-bg-url=\"\">\n\t\t\t\t\t\t<div class=\"fusion-text\"><h2>Quels sites ont \u00e9t\u00e9 visit\u00e9s ?<\/h2>\n<\/div><div class=\"fusion-sep-clear\"><\/div><div class=\"fusion-separator fusion-full-width-sep sep-single sep-solid\" style=\"border-color:#e0dede;border-top-width:1px;margin-left: auto;margin-right: auto;margin-top:5px;margin-bottom:25px;\"><\/div><ul class=\"fusion-checklist fusion-checklist-1\" style=\"font-size:13px;line-height:22.1px;\"><li class=\"fusion-li-item\"><span style=\"height:22.1px;width:22.1px;margin-right:9.1px;\" class=\"icon-wrapper circle-no\"><i class=\"fusion-li-icon fa fa-star\" style=\"color:dark;\"><\/i><\/span><div class=\"fusion-li-item-content\" style=\"margin-left:31.2px;\">Les gorges de Kakuetta. Points d\u2019int\u00e9r\u00eat : G\u00e9omorphologie des gorges, \u00e9rosion, cascades.. V\u00e9g\u00e9tation ombro-sciaphile. Entomologie d\u2019un torrent de montagne.<\/div><\/li><li class=\"fusion-li-item\"><span style=\"height:22.1px;width:22.1px;margin-right:9.1px;\" class=\"icon-wrapper circle-no\"><i class=\"fusion-li-icon fa fa-star\" style=\"color:dark;\"><\/i><\/span><div class=\"fusion-li-item-content\" style=\"margin-left:31.2px;\">Montagne du Rey (Louvier-Juzon). Points d\u2019int\u00e9r\u00eat : v\u00e9g\u00e9tation d\u2019un pi\u00e9mont pyr\u00e9n\u00e9en. Falaise aux vautours \u00e0 Aste-B\u00e9on. Entomologie des pelouses montagnardes. Visite d\u2019une carri\u00e8re de marbre noir.<\/div><\/li><li class=\"fusion-li-item\"><span style=\"height:22.1px;width:22.1px;margin-right:9.1px;\" class=\"icon-wrapper circle-no\"><i class=\"fusion-li-icon fa fa-star\" style=\"color:dark;\"><\/i><\/span><div class=\"fusion-li-item-content\" style=\"margin-left:31.2px;\">Karst de la Pierre Saint Martin. Points d\u2019int\u00e9r\u00eat : immense plateau calcaire (Cr\u00e9tac\u00e9 sup.) sculpt\u00e9 en un spectaculaire lapiaz. Site d\u2019entr\u00e9es de gouffres et de nombreuses galeries agr\u00e9ment\u00e9es de grottes et de salles parmi les plus grandes du monde. Haut-lieu de la sp\u00e9l\u00e9ologie. V\u00e9g\u00e9tation de l\u2019\u00e9tage montagnard calcicole. Entomologie des rochers calcaires.<\/div><\/li><li class=\"fusion-li-item\"><span style=\"height:22.1px;width:22.1px;margin-right:9.1px;\" class=\"icon-wrapper circle-no\"><i class=\"fusion-li-icon fa fa-star\" style=\"color:dark;\"><\/i><\/span><div class=\"fusion-li-item-content\" style=\"margin-left:31.2px;\">Lac d\u2019Artouste. Points d\u2019int\u00e9r\u00eat : v\u00e9g\u00e9tation des \u00e9tages montagnard et alpin. Biologie de la marmotte. Granite m\u00e9sozo\u00efque \u00e0 biotite.<\/div><\/li><li class=\"fusion-li-item\"><span style=\"height:22.1px;width:22.1px;margin-right:9.1px;\" class=\"icon-wrapper circle-no\"><i class=\"fusion-li-icon fa fa-star\" style=\"color:dark;\"><\/i><\/span><div class=\"fusion-li-item-content\" style=\"margin-left:31.2px;\">Col de Marie Blanque. Points d\u2019int\u00e9r\u00eat : botanique du domaine atlantique et de zones humides et paratourbeuses.<\/div><\/li><li class=\"fusion-li-item\"><span style=\"height:22.1px;width:22.1px;margin-right:9.1px;\" class=\"icon-wrapper circle-no\"><i class=\"fusion-li-icon fa fa-star\" style=\"color:dark;\"><\/i><\/span><div class=\"fusion-li-item-content\" style=\"margin-left:31.2px;\">Littoral Basque. Points d\u2019int\u00e9r\u00eat : zoologie et v\u00e9g\u00e9tation littorales de la fa\u00e7ade atlantique. G\u00e9ologie du Trias \u00e0 l\u2019Oligoc\u00e8ne. Ornithologie marine : larid\u00e9s, limicoles, etc.<\/div><\/li><\/ul><div class=\"fusion-sep-clear\"><\/div><div class=\"fusion-separator fusion-full-width-sep sep-single sep-solid\" style=\"border-color:#e0dede;border-top-width:1px;margin-left: auto;margin-right: auto;margin-top:10px;margin-bottom:30px;\"><\/div><div class=\"fusion-clearfix\"><\/div>\n\n\t\t\t\t\t<\/div>\n\t\t\t\t<\/div><div  class=\"fusion-layout-column fusion_builder_column fusion_builder_column_1_2 fusion-builder-column-3 fusion-one-half fusion-column-last 1_2\"  style='margin-top:0px;margin-bottom:20px;width:48%'>\n\t\t\t\t\t<div class=\"fusion-column-wrapper\" style=\"background-position:left top;background-repeat:no-repeat;-webkit-background-size:cover;-moz-background-size:cover;-o-background-size:cover;background-size:cover;\"   data-bg-url=\"\">\n\t\t\t\t\t\t<div class=\"fusion-text\"><p><a href=\"https:\/\/www.sciences-unamur.be\/bio\/stagesciete\/wp-content\/uploads\/2017\/09\/Atlas18-prix2.jpg\"><img decoding=\"async\" loading=\"lazy\" class=\"aligncenter size-full wp-image-1103\" src=\"https:\/\/www.sciences-unamur.be\/bio\/stagesciete\/wp-content\/uploads\/2017\/09\/Atlas18-prix2.jpg\" alt=\"atlas18-prix2\" width=\"4272\" height=\"2848\" srcset=\"https:\/\/www.sciences-unamur.be\/bio\/stagesciete\/wp-content\/uploads\/2017\/09\/Atlas18-prix2-200x133.jpg 200w, https:\/\/www.sciences-unamur.be\/bio\/stagesciete\/wp-content\/uploads\/2017\/09\/Atlas18-prix2-300x200.jpg 300w, https:\/\/www.sciences-unamur.be\/bio\/stagesciete\/wp-content\/uploads\/2017\/09\/Atlas18-prix2-400x267.jpg 400w, https:\/\/www.sciences-unamur.be\/bio\/stagesciete\/wp-content\/uploads\/2017\/09\/Atlas18-prix2-600x400.jpg 600w, https:\/\/www.sciences-unamur.be\/bio\/stagesciete\/wp-content\/uploads\/2017\/09\/Atlas18-prix2-768x512.jpg 768w, https:\/\/www.sciences-unamur.be\/bio\/stagesciete\/wp-content\/uploads\/2017\/09\/Atlas18-prix2-800x533.jpg 800w, https:\/\/www.sciences-unamur.be\/bio\/stagesciete\/wp-content\/uploads\/2017\/09\/Atlas18-prix2-1024x683.jpg 1024w, https:\/\/www.sciences-unamur.be\/bio\/stagesciete\/wp-content\/uploads\/2017\/09\/Atlas18-prix2-1200x800.jpg 1200w, https:\/\/www.sciences-unamur.be\/bio\/stagesciete\/wp-content\/uploads\/2017\/09\/Atlas18-prix2.jpg 4272w\" sizes=\"(max-width: 4272px) 100vw, 4272px\" \/><\/a><\/p>\n<\/div><div class=\"fusion-clearfix\"><\/div>\n\n\t\t\t\t\t<\/div>\n\t\t\t\t<\/div><\/div><\/div><div class=\"fusion-fullwidth fullwidth-box nonhundred-percent-fullwidth non-hundred-percent-height-scrolling\"  style='background-color: #fff;background-position: left top;background-repeat: no-repeat;padding-top:70px;padding-right:0px;padding-bottom:40px;padding-left:0px;border-top-width:1px;border-bottom-width:1px;border-color:#f6f6f6;border-top-style:solid;border-bottom-style:solid;'><div class=\"fusion-builder-row fusion-row \"><div  class=\"fusion-layout-column fusion_builder_column fusion_builder_column_1_2 fusion-builder-column-4 fusion-one-half fusion-column-first 1_2\"  style='margin-top:0px;margin-bottom:20px;width:48%; margin-right: 4%;'>\n\t\t\t\t\t<div class=\"fusion-column-wrapper\" style=\"background-position:left top;background-repeat:no-repeat;-webkit-background-size:cover;-moz-background-size:cover;-o-background-size:cover;background-size:cover;\"   data-bg-url=\"\">\n\t\t\t\t\t\t<div class=\"fusion-title title fusion-title-1 fusion-title-size-two\" style=\"margin-top:0px;margin-bottom:31px;\"><h2 class=\"title-heading-left\" style=\"margin:0;\">Concours photos &#8211; 6 cat\u00e9gories<\/h2><div class=\"title-sep-container\"><div class=\"title-sep sep-double sep-solid\" style=\"border-color:#e0dede;\"><\/div><\/div><\/div><ul class=\"fusion-checklist fusion-checklist-2\" style=\"font-size:13px;line-height:22.1px;\"><li class=\"fusion-li-item\"><span style=\"height:22.1px;width:22.1px;margin-right:9.1px;\" class=\"icon-wrapper circle-no\"><i class=\"fusion-li-icon fa fa-camera-retro\" style=\"color:dark;\"><\/i><\/span><div class=\"fusion-li-item-content\" style=\"margin-left:31.2px;\">Atlas : paysages et g\u00e9ologie<\/div><\/li><li class=\"fusion-li-item\"><span style=\"height:22.1px;width:22.1px;margin-right:9.1px;\" class=\"icon-wrapper circle-no\"><i class=\"fusion-li-icon fa fa-camera-retro\" style=\"color:dark;\"><\/i><\/span><div class=\"fusion-li-item-content\" style=\"margin-left:31.2px;\">Poils, plumes et \u00e9cailles : gros animaux<\/div><\/li><li class=\"fusion-li-item\"><span style=\"height:22.1px;width:22.1px;margin-right:9.1px;\" class=\"icon-wrapper circle-no\"><i class=\"fusion-li-icon fa fa-camera-retro\" style=\"color:dark;\"><\/i><\/span><div class=\"fusion-li-item-content\" style=\"margin-left:31.2px;\">Elytres : entomofaune<\/div><\/li><li class=\"fusion-li-item\"><span style=\"height:22.1px;width:22.1px;margin-right:9.1px;\" class=\"icon-wrapper circle-no\"><i class=\"fusion-li-icon fa fa-camera-retro\" style=\"color:dark;\"><\/i><\/span><div class=\"fusion-li-item-content\" style=\"margin-left:31.2px;\">Chlorophylle : plantes et fleurs<\/div><\/li><li class=\"fusion-li-item\"><span style=\"height:22.1px;width:22.1px;margin-right:9.1px;\" class=\"icon-wrapper circle-no\"><i class=\"fusion-li-icon fa fa-camera-retro\" style=\"color:dark;\"><\/i><\/span><div class=\"fusion-li-item-content\" style=\"margin-left:31.2px;\">Mouvement : faites transpara\u00eetre le mouvement<\/div><\/li><li class=\"fusion-li-item\"><span style=\"height:22.1px;width:22.1px;margin-right:9.1px;\" class=\"icon-wrapper circle-no\"><i class=\"fusion-li-icon fa fa-camera-retro\" style=\"color:dark;\"><\/i><\/span><div class=\"fusion-li-item-content\" style=\"margin-left:31.2px;\">Homo sapiens : l&#8217;homme dans son environnement<\/div><\/li><\/ul><div class=\"fusion-clearfix\"><\/div>\n\n\t\t\t\t\t<\/div>\n\t\t\t\t<\/div><div  class=\"fusion-layout-column fusion_builder_column fusion_builder_column_1_2 fusion-builder-column-5 fusion-one-half fusion-column-last 1_2\"  style='margin-top:0px;margin-bottom:20px;width:48%'>\n\t\t\t\t\t<div class=\"fusion-column-wrapper\" style=\"background-position:left top;background-repeat:no-repeat;-webkit-background-size:cover;-moz-background-size:cover;-o-background-size:cover;background-size:cover;\"   data-bg-url=\"\">\n\t\t\t\t\t\t<div class=\"fusion-text\"><p><a href=\"https:\/\/www.sciences-unamur.be\/bio\/stagesciete\/wp-content\/uploads\/2017\/09\/Elytres14-FS.jpg\"><img decoding=\"async\" loading=\"lazy\" class=\"aligncenter size-full wp-image-1095\" src=\"https:\/\/www.sciences-unamur.be\/bio\/stagesciete\/wp-content\/uploads\/2017\/09\/Elytres14-FS.jpg\" alt=\"elytres14-fs\" width=\"5486\" height=\"3657\" srcset=\"https:\/\/www.sciences-unamur.be\/bio\/stagesciete\/wp-content\/uploads\/2017\/09\/Elytres14-FS-200x133.jpg 200w, https:\/\/www.sciences-unamur.be\/bio\/stagesciete\/wp-content\/uploads\/2017\/09\/Elytres14-FS-300x200.jpg 300w, https:\/\/www.sciences-unamur.be\/bio\/stagesciete\/wp-content\/uploads\/2017\/09\/Elytres14-FS-400x267.jpg 400w, https:\/\/www.sciences-unamur.be\/bio\/stagesciete\/wp-content\/uploads\/2017\/09\/Elytres14-FS-600x400.jpg 600w, https:\/\/www.sciences-unamur.be\/bio\/stagesciete\/wp-content\/uploads\/2017\/09\/Elytres14-FS-768x512.jpg 768w, https:\/\/www.sciences-unamur.be\/bio\/stagesciete\/wp-content\/uploads\/2017\/09\/Elytres14-FS-800x533.jpg 800w, https:\/\/www.sciences-unamur.be\/bio\/stagesciete\/wp-content\/uploads\/2017\/09\/Elytres14-FS-1024x683.jpg 1024w, https:\/\/www.sciences-unamur.be\/bio\/stagesciete\/wp-content\/uploads\/2017\/09\/Elytres14-FS-1200x800.jpg 1200w, https:\/\/www.sciences-unamur.be\/bio\/stagesciete\/wp-content\/uploads\/2017\/09\/Elytres14-FS.jpg 5486w\" sizes=\"(max-width: 5486px) 100vw, 5486px\" \/><\/a><\/p>\n<\/div><div class=\"fusion-clearfix\"><\/div>\n\n\t\t\t\t\t<\/div>\n\t\t\t\t<\/div><\/div><\/div><div class=\"fusion-fullwidth fullwidth-box hundred-percent-fullwidth non-hundred-percent-height-scrolling\"  style='background-color: rgba(255,255,255,0);background-position: center center;background-repeat: no-repeat;padding-top:0px;padding-right:0px;padding-bottom:0px;padding-left:0px;margin-top: -25px;'><div class=\"fusion-builder-row fusion-row \"><div  class=\"fusion-layout-column fusion_builder_column fusion_builder_column_1_1 fusion-builder-column-6 fusion-one-full fusion-column-first fusion-column-last fusion-column-no-min-height 1_1\"  style='margin-top:0px;margin-bottom:0px;'>\n\t\t\t\t\t<div class=\"fusion-column-wrapper\" style=\"background-position:left top;background-repeat:no-repeat;-webkit-background-size:cover;-moz-background-size:cover;-o-background-size:cover;background-size:cover;\"   data-bg-url=\"\">\n\t\t\t\t\t\t<div class=\"fusion-sep-clear\"><\/div><div class=\"fusion-separator fusion-full-width-sep sep-none\" style=\"margin-left: auto;margin-right: auto;margin-top:;\"><\/div><div class=\"fusion-clearfix\"><\/div>\n\n\t\t\t\t\t<\/div>\n\t\t\t\t<\/div><\/div><\/div><div class=\"fusion-fullwidth fullwidth-box nonhundred-percent-fullwidth non-hundred-percent-height-scrolling\"  style='background-color: #fff;background-position: left top;background-repeat: no-repeat;padding-top:70px;padding-right:0px;padding-bottom:40px;padding-left:0px;border-top-width:1px;border-bottom-width:1px;border-color:#f6f6f6;border-top-style:solid;border-bottom-style:solid;'><div class=\"fusion-builder-row fusion-row \"><div  class=\"fusion-layout-column fusion_builder_column fusion_builder_column_1_2 fusion-builder-column-7 fusion-one-half fusion-column-first 1_2\"  style='margin-top:0px;margin-bottom:20px;width:48%; margin-right: 4%;'>\n\t\t\t\t\t<div class=\"fusion-column-wrapper\" style=\"background-position:left top;background-repeat:no-repeat;-webkit-background-size:cover;-moz-background-size:cover;-o-background-size:cover;background-size:cover;\"   data-bg-url=\"\">\n\t\t\t\t\t\t<div class=\"fusion-title title fusion-title-2 fusion-title-size-two\" style=\"margin-top:0px;margin-bottom:31px;\"><h2 class=\"title-heading-left\" style=\"margin:0;\">Vid\u00e9o du stage<\/h2><div class=\"title-sep-container\"><div class=\"title-sep sep-double sep-solid\" style=\"border-color:#e0dede;\"><\/div><\/div><\/div><div class=\"fusion-clearfix\"><\/div>\n\n\t\t\t\t\t<\/div>\n\t\t\t\t<\/div><div  class=\"fusion-layout-column fusion_builder_column fusion_builder_column_1_2 fusion-builder-column-8 fusion-one-half fusion-column-last 1_2\"  style='margin-top:0px;margin-bottom:20px;width:48%'>\n\t\t\t\t\t<div class=\"fusion-column-wrapper\" style=\"background-position:left top;background-repeat:no-repeat;-webkit-background-size:cover;-moz-background-size:cover;-o-background-size:cover;background-size:cover;\"   data-bg-url=\"\">\n\t\t\t\t\t\t<div class=\"fusion-video fusion-youtube\" style=\"max-width:600px;max-height:350px;\"><div class=\"video-shortcode\"><iframe title=\"YouTube video player\" src=\"https:\/\/www.youtube.com\/embed\/je-_aNEBEDo?wmode=transparent&autoplay=0\" width=\"600\" height=\"350\" allowfullscreen allow=\"autoplay; fullscreen\"><\/iframe><\/div><\/div><div class=\"fusion-clearfix\"><\/div>\n\n\t\t\t\t\t<\/div>\n\t\t\t\t<\/div><\/div><\/div><div class=\"fusion-fullwidth fullwidth-box hundred-percent-fullwidth non-hundred-percent-height-scrolling\"  style='background-color: rgba(255,255,255,0);background-position: center center;background-repeat: no-repeat;padding-top:0px;padding-right:0px;padding-bottom:0px;padding-left:0px;margin-top: -25px;'><div class=\"fusion-builder-row fusion-row \"><div  class=\"fusion-layout-column fusion_builder_column fusion_builder_column_1_1 fusion-builder-column-9 fusion-one-full fusion-column-first fusion-column-last fusion-column-no-min-height 1_1\"  style='margin-top:0px;margin-bottom:0px;'>\n\t\t\t\t\t<div class=\"fusion-column-wrapper\" style=\"background-position:left top;background-repeat:no-repeat;-webkit-background-size:cover;-moz-background-size:cover;-o-background-size:cover;background-size:cover;\"   data-bg-url=\"\">\n\t\t\t\t\t\t<div class=\"fusion-sep-clear\"><\/div><div class=\"fusion-separator fusion-full-width-sep sep-none\" style=\"margin-left: auto;margin-right: auto;margin-top:;\"><\/div><div class=\"fusion-clearfix\"><\/div>\n\n\t\t\t\t\t<\/div>\n\t\t\t\t<\/div><\/div><\/div><div class=\"fusion-fullwidth fullwidth-box nonhundred-percent-fullwidth non-hundred-percent-height-scrolling\"  style='background-color: #fff;background-position: left top;background-repeat: no-repeat;padding-top:70px;padding-right:0px;padding-bottom:40px;padding-left:0px;border-top-width:1px;border-bottom-width:1px;border-color:#f6f6f6;border-top-style:solid;border-bottom-style:solid;'><div class=\"fusion-builder-row fusion-row \"><div  class=\"fusion-layout-column fusion_builder_column fusion_builder_column_1_2 fusion-builder-column-10 fusion-one-half fusion-column-first 1_2\"  style='margin-top:0px;margin-bottom:20px;width:48%; margin-right: 4%;'>\n\t\t\t\t\t<div class=\"fusion-column-wrapper\" style=\"background-position:left top;background-repeat:no-repeat;-webkit-background-size:cover;-moz-background-size:cover;-o-background-size:cover;background-size:cover;\"   data-bg-url=\"\">\n\t\t\t\t\t\t<div class=\"fusion-title title fusion-title-3 fusion-title-size-two\" style=\"margin-top:0px;margin-bottom:31px;\"><h2 class=\"title-heading-left\" style=\"margin:0;\">Documents disponibles<\/h2><div class=\"title-sep-container\"><div class=\"title-sep sep-double sep-solid\" style=\"border-color:#e0dede;\"><\/div><\/div><\/div><ul class=\"fusion-checklist fusion-checklist-3\" style=\"font-size:13px;line-height:22.1px;\"><li class=\"fusion-li-item\"><span style=\"background-color:#65bc7b;font-size:11.44px;height:22.1px;width:22.1px;margin-right:9.1px;\" class=\"icon-wrapper circle-yes\"><i class=\"fusion-li-icon fa fa-check\" style=\"color:#ffffff;\"><\/i><\/span><div class=\"fusion-li-item-content\" style=\"margin-left:31.2px;\"><a href=\"https:\/\/www.sciences-unamur.be\/bio\/stagesciete\/wp-content\/uploads\/2017\/09\/Powerpoints-e\u0301tudiants-stage-2017-small.pdf\">Powerpoints pr\u00e9sent\u00e9s par les groupes d&#8217;\u00e9tudiants.pdf<\/a><\/div><\/li><li class=\"fusion-li-item\"><span style=\"background-color:#65bc7b;font-size:11.44px;height:22.1px;width:22.1px;margin-right:9.1px;\" class=\"icon-wrapper circle-yes\"><i class=\"fusion-li-icon fa fa-check\" style=\"color:#ffffff;\"><\/i><\/span><div class=\"fusion-li-item-content\" style=\"margin-left:31.2px;\"><a href=\"https:\/\/www.sciences-unamur.be\/bio\/stagesciete\/wp-content\/uploads\/2017\/09\/pre\u0301sentation-2017.pdf\">Powerpoint de pr\u00e9sentation g\u00e9n\u00e9rale du stage 2017.pdf<\/a><\/div><\/li><li class=\"fusion-li-item\"><span style=\"background-color:#65bc7b;font-size:11.44px;height:22.1px;width:22.1px;margin-right:9.1px;\" class=\"icon-wrapper circle-yes\"><i class=\"fusion-li-icon fa fa-check\" style=\"color:#ffffff;\"><\/i><\/span><div class=\"fusion-li-item-content\" style=\"margin-left:31.2px;\"><a href=\"https:\/\/www.sciences-unamur.be\/bio\/stagesciete\/wp-content\/uploads\/2017\/09\/photo-nature-stage-montagne-2017.pdf\">Powerpoint photographie naturaliste.pdf<\/a><\/div><\/li><li class=\"fusion-li-item\"><span style=\"background-color:#65bc7b;font-size:11.44px;height:22.1px;width:22.1px;margin-right:9.1px;\" class=\"icon-wrapper circle-yes\"><i class=\"fusion-li-icon fa fa-check\" style=\"color:#ffffff;\"><\/i><\/span><div class=\"fusion-li-item-content\" style=\"margin-left:31.2px;\"><a href=\"https:\/\/www.sciences-unamur.be\/bio\/stagesciete\/wp-content\/uploads\/2017\/09\/PYRE\u0301NE\u0301ES-OCCIDENTALES-Pre\u0301sentation-botanique-v.-27.8.pdf\">Rapport de botanique.pdf<\/a><\/div><\/li><li class=\"fusion-li-item\"><span style=\"background-color:#65bc7b;font-size:11.44px;height:22.1px;width:22.1px;margin-right:9.1px;\" class=\"icon-wrapper circle-yes\"><i class=\"fusion-li-icon fa fa-check\" style=\"color:#ffffff;\"><\/i><\/span><div class=\"fusion-li-item-content\" style=\"margin-left:31.2px;\"><a href=\"https:\/\/www.sciences-unamur.be\/bio\/stagesciete\/wp-content\/uploads\/2017\/09\/couleurs.pdf\">Powerpoint les couleurs.pdf<\/a><\/div><\/li><li class=\"fusion-li-item\"><span style=\"background-color:#65bc7b;font-size:11.44px;height:22.1px;width:22.1px;margin-right:9.1px;\" class=\"icon-wrapper circle-yes\"><i class=\"fusion-li-icon fa fa-check\" style=\"color:#ffffff;\"><\/i><\/span><div class=\"fusion-li-item-content\" style=\"margin-left:31.2px;\"><a href=\"https:\/\/www.sciences-unamur.be\/bio\/stagesciete\/wp-content\/uploads\/2017\/09\/Pyre\u0301ne\u0301es-Ge\u0301ologie-mai-2017.pdf\">Powerpoint de g\u00e9ologie 1.pdf<\/a><\/div><\/li><li class=\"fusion-li-item\"><span style=\"background-color:#65bc7b;font-size:11.44px;height:22.1px;width:22.1px;margin-right:9.1px;\" class=\"icon-wrapper circle-yes\"><i class=\"fusion-li-icon fa fa-check\" style=\"color:#ffffff;\"><\/i><\/span><div class=\"fusion-li-item-content\" style=\"margin-left:31.2px;\"><a href=\"https:\/\/www.sciences-unamur.be\/bio\/stagesciete\/wp-content\/uploads\/2017\/09\/Pyre\u0301ne\u0301es-Ge\u0301ologie-juillet-2017.pdf\">Powerpoint de g\u00e9ologie 2.pdf<\/a><\/div><\/li><\/ul><div class=\"fusion-clearfix\"><\/div>\n\n\t\t\t\t\t<\/div>\n\t\t\t\t<\/div><div  class=\"fusion-layout-column fusion_builder_column fusion_builder_column_1_2 fusion-builder-column-11 fusion-one-half fusion-column-last 1_2\"  style='margin-top:0px;margin-bottom:20px;width:48%'>\n\t\t\t\t\t<div class=\"fusion-column-wrapper\" style=\"background-position:left top;background-repeat:no-repeat;-webkit-background-size:cover;-moz-background-size:cover;-o-background-size:cover;background-size:cover;\"   data-bg-url=\"\">\n\t\t\t\t\t\t<div class=\"fusion-text\"><p><a href=\"https:\/\/www.sciences-unamur.be\/bio\/stagesciete\/wp-content\/uploads\/2017\/09\/Chlorophylle21-prix1-PM.jpg\"><img decoding=\"async\" loading=\"lazy\" class=\"aligncenter size-full wp-image-1097\" src=\"https:\/\/www.sciences-unamur.be\/bio\/stagesciete\/wp-content\/uploads\/2017\/09\/Chlorophylle21-prix1-PM.jpg\" alt=\"chlorophylle21-prix1-pm\" width=\"3698\" height=\"2694\" srcset=\"https:\/\/www.sciences-unamur.be\/bio\/stagesciete\/wp-content\/uploads\/2017\/09\/Chlorophylle21-prix1-PM-200x146.jpg 200w, https:\/\/www.sciences-unamur.be\/bio\/stagesciete\/wp-content\/uploads\/2017\/09\/Chlorophylle21-prix1-PM-300x219.jpg 300w, https:\/\/www.sciences-unamur.be\/bio\/stagesciete\/wp-content\/uploads\/2017\/09\/Chlorophylle21-prix1-PM-400x291.jpg 400w, https:\/\/www.sciences-unamur.be\/bio\/stagesciete\/wp-content\/uploads\/2017\/09\/Chlorophylle21-prix1-PM-600x437.jpg 600w, https:\/\/www.sciences-unamur.be\/bio\/stagesciete\/wp-content\/uploads\/2017\/09\/Chlorophylle21-prix1-PM-768x559.jpg 768w, https:\/\/www.sciences-unamur.be\/bio\/stagesciete\/wp-content\/uploads\/2017\/09\/Chlorophylle21-prix1-PM-800x583.jpg 800w, https:\/\/www.sciences-unamur.be\/bio\/stagesciete\/wp-content\/uploads\/2017\/09\/Chlorophylle21-prix1-PM-1024x746.jpg 1024w, https:\/\/www.sciences-unamur.be\/bio\/stagesciete\/wp-content\/uploads\/2017\/09\/Chlorophylle21-prix1-PM-1200x874.jpg 1200w, https:\/\/www.sciences-unamur.be\/bio\/stagesciete\/wp-content\/uploads\/2017\/09\/Chlorophylle21-prix1-PM.jpg 3698w\" sizes=\"(max-width: 3698px) 100vw, 3698px\" \/><\/a><\/p>\n<\/div><div class=\"fusion-clearfix\"><\/div>\n\n\t\t\t\t\t<\/div>\n\t\t\t\t<\/div><\/div><\/div><\/p>\n","protected":false},"excerpt":{"rendered":"","protected":false},"author":1,"featured_media":0,"parent":0,"menu_order":0,"comment_status":"closed","ping_status":"closed","template":"","meta":{"_bbp_topic_count":0,"_bbp_reply_count":0,"_bbp_total_topic_count":0,"_bbp_total_reply_count":0,"_bbp_voice_count":0,"_bbp_anonymous_reply_count":0,"_bbp_topic_count_hidden":0,"_bbp_reply_count_hidden":0,"_bbp_forum_subforum_count":0,"_mi_skip_tracking":false,"_exactmetrics_sitenote_active":false,"_exactmetrics_sitenote_note":"","_exactmetrics_sitenote_category":0,"footnotes":""},"_links":{"self":[{"href":"https:\/\/www.sciences-unamur.be\/bio\/stagesciete\/index.php\/wp-json\/wp\/v2\/pages\/1121"}],"collection":[{"href":"https:\/\/www.sciences-unamur.be\/bio\/stagesciete\/index.php\/wp-json\/wp\/v2\/pages"}],"about":[{"href":"https:\/\/www.sciences-unamur.be\/bio\/stagesciete\/index.php\/wp-json\/wp\/v2\/types\/page"}],"author":[{"embeddable":true,"href":"https:\/\/www.sciences-unamur.be\/bio\/stagesciete\/index.php\/wp-json\/wp\/v2\/users\/1"}],"replies":[{"embeddable":true,"href":"https:\/\/www.sciences-unamur.be\/bio\/stagesciete\/index.php\/wp-json\/wp\/v2\/comments?post=1121"}],"version-history":[{"count":8,"href":"https:\/\/www.sciences-unamur.be\/bio\/stagesciete\/index.php\/wp-json\/wp\/v2\/pages\/1121\/revisions"}],"predecessor-version":[{"id":1123,"href":"https:\/\/www.sciences-unamur.be\/bio\/stagesciete\/index.php\/wp-json\/wp\/v2\/pages\/1121\/revisions\/1123"}],"wp:attachment":[{"href":"https:\/\/www.sciences-unamur.be\/bio\/stagesciete\/index.php\/wp-json\/wp\/v2\/media?parent=1121"}],"curies":[{"name":"wp","href":"https:\/\/api.w.org\/{rel}","templated":true}]}}