{"id":1347,"date":"2022-10-02T18:22:42","date_gmt":"2022-10-02T18:22:42","guid":{"rendered":"https:\/\/www.sciences-unamur.be\/bio\/stagesciete\/?page_id=1347"},"modified":"2023-08-18T12:13:44","modified_gmt":"2023-08-18T12:13:44","slug":"provence-2022","status":"publish","type":"page","link":"https:\/\/www.sciences-unamur.be\/bio\/stagesciete\/index.php\/provence-2022\/","title":{"rendered":"Provence 2022"},"content":{"rendered":"<p><div class=\"fusion-fullwidth fullwidth-box nonhundred-percent-fullwidth non-hundred-percent-height-scrolling\"  style='background-color: rgba(255,255,255,0);background-position: center center;background-repeat: no-repeat;padding-top:0px;padding-right:0px;padding-bottom:0px;padding-left:0px;'><div class=\"fusion-builder-row fusion-row \"><div  class=\"fusion-layout-column fusion_builder_column fusion_builder_column_1_1 fusion-builder-column-1 fusion-one-full fusion-column-first fusion-column-last 1_1\"  style='margin-top:0px;margin-bottom:0px;'>\n\t\t\t\t\t<div class=\"fusion-column-wrapper\" style=\"padding: 0px 0px 0px 0px;background-position:left top;background-repeat:no-repeat;-webkit-background-size:cover;-moz-background-size:cover;-o-background-size:cover;background-size:cover;\"   data-bg-url=\"\">\n\t\t\t\t\t\t<div class=\"fusion-clearfix\"><\/div>\n\n\t\t\t\t\t<\/div>\n\t\t\t\t<\/div><\/div><\/div><div class=\"fusion-fullwidth fullwidth-box nonhundred-percent-fullwidth non-hundred-percent-height-scrolling\"  style='background-color: #f6f6f6;background-position: left top;background-repeat: no-repeat;padding-top:20px;padding-right:0px;padding-bottom:20px;padding-left:0px;border-top-width:1px;border-bottom-width:1px;border-color:#e5e4e4;border-top-style:solid;border-bottom-style:solid;'><div class=\"fusion-builder-row fusion-row \"><div  class=\"fusion-layout-column fusion_builder_column fusion_builder_column_1_1 fusion-builder-column-2 fusion-one-full fusion-column-first fusion-column-last fusion-column-no-min-height 1_1\"  style='margin-top:0px;margin-bottom:0px;'>\n\t\t\t\t\t<div class=\"fusion-column-wrapper\" style=\"padding: 0px 0px 0px 0px;background-position:left top;background-repeat:no-repeat;-webkit-background-size:cover;-moz-background-size:cover;-o-background-size:cover;background-size:cover;\"   data-bg-url=\"\">\n\t\t\t\t\t\t<div class=\"fusion-text\"><h1 style=\"text-align: center; font-size: 30px;\">Le stage 2022 a eu lieu en Provence, dans le d\u00e9partement du Vaucluse, en juillet 2022. Chaleur et s\u00e9cheresse \u00e9taient au rendez-vous mais, malgr\u00e9 cela, de magnifiques sites ont \u00e9t\u00e9 visit\u00e9s et un nombre important d&#8217;esp\u00e8ces animales et v\u00e9g\u00e9tales ont \u00e9t\u00e9 observ\u00e9es comme le gu\u00eapier d&#8217;Europe et le rollier d&#8217;Europe. 28 \u00e9tudiants y ont particip\u00e9 dont beaucoup \u00e9taient en 1er bachelier.<\/h1>\n<\/div><div class=\"fusion-clearfix\"><\/div>\n\n\t\t\t\t\t<\/div>\n\t\t\t\t<\/div><\/div><\/div><div class=\"fusion-fullwidth fullwidth-box nonhundred-percent-fullwidth non-hundred-percent-height-scrolling\"  style='background-color: #f6f6f6;background-position: left top;background-repeat: no-repeat;padding-top:20px;padding-right:0px;padding-bottom:20px;padding-left:0px;border-top-width:1px;border-bottom-width:1px;border-color:#e5e4e4;border-top-style:solid;border-bottom-style:solid;'><div class=\"fusion-builder-row fusion-row \"><div  class=\"fusion-layout-column fusion_builder_column fusion_builder_column_1_1 fusion-builder-column-3 fusion-one-full fusion-column-first fusion-column-last fusion-column-no-min-height 1_1\"  style='margin-top:0px;margin-bottom:0px;'>\n\t\t\t\t\t<div class=\"fusion-column-wrapper\" style=\"padding: 0px 0px 0px 0px;background-position:left top;background-repeat:no-repeat;-webkit-background-size:cover;-moz-background-size:cover;-o-background-size:cover;background-size:cover;\"   data-bg-url=\"\">\n\t\t\t\t\t\t<div class=\"fusion-sep-clear\"><\/div><div class=\"fusion-separator fusion-full-width-sep sep-double\" style=\"border-color:#e0dede;border-top-width:1px;border-bottom-width:1px;margin-left: auto;margin-right: auto;margin-top:;\"><\/div><div class=\"fusion-text\"><h1 style=\"text-align: center; font-size: 30px;\">Un des moments forts du stage a \u00e9t\u00e9 la visite de la r\u00e9serve naturelle de l&#8217;\u00cele vieille sur la commune de Mondragon. Avant notre exploration de terrain, nous avons eu la chance d&#8217;\u00eatre accueilli \u00e0 la mairie par quelques personnes officielles et par le conservateur du site, M. Gr\u00e9gorie Landru. Ce dernier nous a ensuite amicalement accompagn\u00e9 sur le terrain. Notre visite a fait l&#8217;objet d&#8217;un petit article de presse que vous pouvez d\u00e9couvrir ci-dessous.<\/h1>\n<\/div><span class=\"fusion-imageframe imageframe-none imageframe-1 hover-type-none\"><a class=\"fusion-no-lightbox\" href=\"https:\/\/cen-paca.org\/decouvrir\/les-actualites\/partenariats\/lile-vieille-des-interets-ecologiques-reconnus-a-linternational\/\" target=\"_self\" aria-label=\"Capture d\u2019e\u0301cran 2022-10-02 a\u0300 21.44.38\"><img decoding=\"async\" loading=\"lazy\" src=\"https:\/\/www.sciences-unamur.be\/bio\/stagesciete\/wp-content\/uploads\/2022\/10\/Capture-de\u0301cran-2022-10-02-a\u0300-21.44.38-1024x454.png\" width=\"1024\" height=\"454\" alt=\"\" class=\"img-responsive wp-image-1372\" srcset=\"https:\/\/www.sciences-unamur.be\/bio\/stagesciete\/wp-content\/uploads\/2022\/10\/Capture-de\u0301cran-2022-10-02-a\u0300-21.44.38-200x89.png 200w, https:\/\/www.sciences-unamur.be\/bio\/stagesciete\/wp-content\/uploads\/2022\/10\/Capture-de\u0301cran-2022-10-02-a\u0300-21.44.38-400x177.png 400w, https:\/\/www.sciences-unamur.be\/bio\/stagesciete\/wp-content\/uploads\/2022\/10\/Capture-de\u0301cran-2022-10-02-a\u0300-21.44.38-600x266.png 600w, https:\/\/www.sciences-unamur.be\/bio\/stagesciete\/wp-content\/uploads\/2022\/10\/Capture-de\u0301cran-2022-10-02-a\u0300-21.44.38-800x355.png 800w, https:\/\/www.sciences-unamur.be\/bio\/stagesciete\/wp-content\/uploads\/2022\/10\/Capture-de\u0301cran-2022-10-02-a\u0300-21.44.38-1200x532.png 1200w\" sizes=\"(max-width: 800px) 100vw, 1024px\" \/><\/a><\/span><div class=\"fusion-clearfix\"><\/div>\n\n\t\t\t\t\t<\/div>\n\t\t\t\t<\/div><\/div><\/div><div class=\"fusion-fullwidth fullwidth-box nonhundred-percent-fullwidth non-hundred-percent-height-scrolling\"  style='background-color: #fff;background-position: left top;background-repeat: no-repeat;padding-top:70px;padding-right:0px;padding-bottom:40px;padding-left:0px;border-top-width:1px;border-bottom-width:1px;border-color:#f6f6f6;border-top-style:solid;border-bottom-style:solid;'><div class=\"fusion-builder-row fusion-row \"><div  class=\"fusion-layout-column fusion_builder_column fusion_builder_column_1_2 fusion-builder-column-4 fusion-one-half fusion-column-first 1_2\"  style='margin-top:0px;margin-bottom:20px;width:48%; margin-right: 4%;'>\n\t\t\t\t\t<div class=\"fusion-column-wrapper\" style=\"padding: 0px 0px 0px 0px;background-position:left top;background-repeat:no-repeat;-webkit-background-size:cover;-moz-background-size:cover;-o-background-size:cover;background-size:cover;\"   data-bg-url=\"\">\n\t\t\t\t\t\t<div class=\"fusion-title title fusion-title-1 fusion-title-size-two\" style=\"margin-top:0px;margin-bottom:31px;\"><h2 class=\"title-heading-left\" style=\"margin:0;\">Concours photos &#8211; 6 cat\u00e9gories<\/h2><div class=\"title-sep-container\"><div class=\"title-sep sep-double sep-solid\" style=\"border-color:#e0dede;\"><\/div><\/div><\/div><ul class=\"fusion-checklist fusion-checklist-1\" style=\"font-size:13px;line-height:22.1px;\"><li class=\"fusion-li-item\"><span style=\"height:22.1px;width:22.1px;margin-right:9.1px;\" class=\"icon-wrapper circle-no\"><i class=\"fusion-li-icon fa fa-camera-retro\" style=\"color:dark;\"><\/i><\/span><div class=\"fusion-li-item-content\" style=\"margin-left:31.2px;\">Atlas : paysages et g\u00e9ologie<\/div><\/li><li class=\"fusion-li-item\"><span style=\"height:22.1px;width:22.1px;margin-right:9.1px;\" class=\"icon-wrapper circle-no\"><i class=\"fusion-li-icon fa fa-camera-retro\" style=\"color:dark;\"><\/i><\/span><div class=\"fusion-li-item-content\" style=\"margin-left:31.2px;\">Poils, plumes et \u00e9cailles : gros animaux<\/div><\/li><li class=\"fusion-li-item\"><span style=\"height:22.1px;width:22.1px;margin-right:9.1px;\" class=\"icon-wrapper circle-no\"><i class=\"fusion-li-icon fa fa-camera-retro\" style=\"color:dark;\"><\/i><\/span><div class=\"fusion-li-item-content\" style=\"margin-left:31.2px;\">Elytres : entomofaune<\/div><\/li><li class=\"fusion-li-item\"><span style=\"height:22.1px;width:22.1px;margin-right:9.1px;\" class=\"icon-wrapper circle-no\"><i class=\"fusion-li-icon fa fa-camera-retro\" style=\"color:dark;\"><\/i><\/span><div class=\"fusion-li-item-content\" style=\"margin-left:31.2px;\">Chlorophylle : plantes et fleurs<\/div><\/li><li class=\"fusion-li-item\"><span style=\"height:22.1px;width:22.1px;margin-right:9.1px;\" class=\"icon-wrapper circle-no\"><i class=\"fusion-li-icon fa fa-camera-retro\" style=\"color:dark;\"><\/i><\/span><div class=\"fusion-li-item-content\" style=\"margin-left:31.2px;\">Mouvement : faites transpara\u00eetre le mouvement<\/div><\/li><li class=\"fusion-li-item\"><span style=\"height:22.1px;width:22.1px;margin-right:9.1px;\" class=\"icon-wrapper circle-no\"><i class=\"fusion-li-icon fa fa-camera-retro\" style=\"color:dark;\"><\/i><\/span><div class=\"fusion-li-item-content\" style=\"margin-left:31.2px;\">Homo sapiens : l&#8217;homme dans son environnement<\/div><\/li><\/ul><div class=\"fusion-clearfix\"><\/div>\n\n\t\t\t\t\t<\/div>\n\t\t\t\t<\/div><div  class=\"fusion-layout-column fusion_builder_column fusion_builder_column_1_2 fusion-builder-column-5 fusion-one-half fusion-column-last 1_2\"  style='margin-top:0px;margin-bottom:20px;width:48%'>\n\t\t\t\t\t<div class=\"fusion-column-wrapper\" style=\"padding: 0px 0px 0px 0px;background-position:left top;background-repeat:no-repeat;-webkit-background-size:cover;-moz-background-size:cover;-o-background-size:cover;background-size:cover;\"   data-bg-url=\"\">\n\t\t\t\t\t\t<div class=\"fusion-text\"><p><a href=\"https:\/\/www.sciences-unamur.be\/bio\/stagesciete\/wp-content\/uploads\/2017\/09\/Elytres14-FS.jpg\"><img decoding=\"async\" loading=\"lazy\" class=\"aligncenter size-full wp-image-1095\" src=\"https:\/\/www.sciences-unamur.be\/bio\/stagesciete\/wp-content\/uploads\/2017\/09\/Elytres14-FS.jpg\" alt=\"elytres14-fs\" width=\"5486\" height=\"3657\" srcset=\"https:\/\/www.sciences-unamur.be\/bio\/stagesciete\/wp-content\/uploads\/2017\/09\/Elytres14-FS-200x133.jpg 200w, https:\/\/www.sciences-unamur.be\/bio\/stagesciete\/wp-content\/uploads\/2017\/09\/Elytres14-FS-300x200.jpg 300w, https:\/\/www.sciences-unamur.be\/bio\/stagesciete\/wp-content\/uploads\/2017\/09\/Elytres14-FS-400x267.jpg 400w, https:\/\/www.sciences-unamur.be\/bio\/stagesciete\/wp-content\/uploads\/2017\/09\/Elytres14-FS-600x400.jpg 600w, https:\/\/www.sciences-unamur.be\/bio\/stagesciete\/wp-content\/uploads\/2017\/09\/Elytres14-FS-768x512.jpg 768w, https:\/\/www.sciences-unamur.be\/bio\/stagesciete\/wp-content\/uploads\/2017\/09\/Elytres14-FS-800x533.jpg 800w, https:\/\/www.sciences-unamur.be\/bio\/stagesciete\/wp-content\/uploads\/2017\/09\/Elytres14-FS-1024x683.jpg 1024w, https:\/\/www.sciences-unamur.be\/bio\/stagesciete\/wp-content\/uploads\/2017\/09\/Elytres14-FS-1200x800.jpg 1200w, https:\/\/www.sciences-unamur.be\/bio\/stagesciete\/wp-content\/uploads\/2017\/09\/Elytres14-FS.jpg 5486w\" sizes=\"(max-width: 5486px) 100vw, 5486px\" \/><\/a><\/p>\n<\/div><div class=\"fusion-clearfix\"><\/div>\n\n\t\t\t\t\t<\/div>\n\t\t\t\t<\/div><\/div><\/div><div class=\"fusion-fullwidth fullwidth-box hundred-percent-fullwidth non-hundred-percent-height-scrolling\"  style='background-color: rgba(255,255,255,0);background-position: center center;background-repeat: no-repeat;padding-top:0px;padding-right:0px;padding-bottom:0px;padding-left:0px;margin-top: -25px;'><div class=\"fusion-builder-row fusion-row \"><div  class=\"fusion-layout-column fusion_builder_column fusion_builder_column_1_1 fusion-builder-column-6 fusion-one-full fusion-column-first fusion-column-last fusion-column-no-min-height 1_1\"  style='margin-top:0px;margin-bottom:0px;'>\n\t\t\t\t\t<div class=\"fusion-column-wrapper\" style=\"padding: 0px 0px 0px 0px;background-position:left top;background-repeat:no-repeat;-webkit-background-size:cover;-moz-background-size:cover;-o-background-size:cover;background-size:cover;\"   data-bg-url=\"\">\n\t\t\t\t\t\t<div class=\"fusion-sep-clear\"><\/div><div class=\"fusion-separator fusion-full-width-sep sep-none\" style=\"margin-left: auto;margin-right: auto;margin-top:;\"><\/div><div class=\"fusion-clearfix\"><\/div>\n\n\t\t\t\t\t<\/div>\n\t\t\t\t<\/div><\/div><\/div><\/p>\n","protected":false},"excerpt":{"rendered":"","protected":false},"author":1,"featured_media":0,"parent":0,"menu_order":0,"comment_status":"closed","ping_status":"closed","template":"","meta":{"_bbp_topic_count":0,"_bbp_reply_count":0,"_bbp_total_topic_count":0,"_bbp_total_reply_count":0,"_bbp_voice_count":0,"_bbp_anonymous_reply_count":0,"_bbp_topic_count_hidden":0,"_bbp_reply_count_hidden":0,"_bbp_forum_subforum_count":0,"_mi_skip_tracking":false,"_exactmetrics_sitenote_active":false,"_exactmetrics_sitenote_note":"","_exactmetrics_sitenote_category":0,"footnotes":""},"_links":{"self":[{"href":"https:\/\/www.sciences-unamur.be\/bio\/stagesciete\/index.php\/wp-json\/wp\/v2\/pages\/1347"}],"collection":[{"href":"https:\/\/www.sciences-unamur.be\/bio\/stagesciete\/index.php\/wp-json\/wp\/v2\/pages"}],"about":[{"href":"https:\/\/www.sciences-unamur.be\/bio\/stagesciete\/index.php\/wp-json\/wp\/v2\/types\/page"}],"author":[{"embeddable":true,"href":"https:\/\/www.sciences-unamur.be\/bio\/stagesciete\/index.php\/wp-json\/wp\/v2\/users\/1"}],"replies":[{"embeddable":true,"href":"https:\/\/www.sciences-unamur.be\/bio\/stagesciete\/index.php\/wp-json\/wp\/v2\/comments?post=1347"}],"version-history":[{"count":7,"href":"https:\/\/www.sciences-unamur.be\/bio\/stagesciete\/index.php\/wp-json\/wp\/v2\/pages\/1347\/revisions"}],"predecessor-version":[{"id":1383,"href":"https:\/\/www.sciences-unamur.be\/bio\/stagesciete\/index.php\/wp-json\/wp\/v2\/pages\/1347\/revisions\/1383"}],"wp:attachment":[{"href":"https:\/\/www.sciences-unamur.be\/bio\/stagesciete\/index.php\/wp-json\/wp\/v2\/media?parent=1347"}],"curies":[{"name":"wp","href":"https:\/\/api.w.org\/{rel}","templated":true}]}}