{"id":983,"date":"2016-09-16T19:41:56","date_gmt":"2016-09-16T19:41:56","guid":{"rendered":"http:\/\/www.sciences-unamur.be\/bio\/stagesciete\/?page_id=983"},"modified":"2025-09-14T11:32:46","modified_gmt":"2025-09-14T11:32:46","slug":"the-team","status":"publish","type":"page","link":"https:\/\/www.sciences-unamur.be\/bio\/stagesciete\/index.php\/the-team\/","title":{"rendered":"The team"},"content":{"rendered":"<div class=\"fusion-fullwidth fullwidth-box hundred-percent-fullwidth non-hundred-percent-height-scrolling\"  style='background-color: rgba(255,255,255,0);background-position: center center;background-repeat: no-repeat;padding-top:0px;padding-right:0px;padding-bottom:0px;padding-left:0px;'><div class=\"fusion-builder-row fusion-row \"><div  class=\"fusion-layout-column fusion_builder_column fusion_builder_column_1_3 fusion-builder-column-1 fusion-one-third fusion-column-first 1_3\"  style='margin-top:0px;margin-bottom:20px;width:30.6666%; margin-right: 4%;'>\n\t\t\t\t\t<div class=\"fusion-column-wrapper\" style=\"padding: 0px 0px 0px 0px;background-position:left top;background-repeat:no-repeat;-webkit-background-size:cover;-moz-background-size:cover;-o-background-size:cover;background-size:cover;\"   data-bg-url=\"\">\n\t\t\t\t\t\t<div class=\"fusion-person person fusion-person-center fusion-person-1 fusion-person-icon-top\"><div class=\"person-shortcode-image-wrapper\"><div class=\"person-image-container hover-type-none\" style=\"border:0px solid #f6f6f6;-webkit-border-radius:0px;-moz-border-radius:0px;border-radius:0px;\"><img decoding=\"async\" loading=\"lazy\" class=\"person-img img-responsive wp-image-1221\" width=\"1024\" height=\"768\" src=\"https:\/\/www.sciences-unamur.be\/bio\/stagesciete\/wp-content\/uploads\/2016\/09\/P1100172_DxO-1024x768.jpg\" alt=\"Fr\u00e9d\u00e9ric Silvestre\" srcset=\"https:\/\/www.sciences-unamur.be\/bio\/stagesciete\/wp-content\/uploads\/2016\/09\/P1100172_DxO-200x150.jpg 200w, https:\/\/www.sciences-unamur.be\/bio\/stagesciete\/wp-content\/uploads\/2016\/09\/P1100172_DxO-400x300.jpg 400w, https:\/\/www.sciences-unamur.be\/bio\/stagesciete\/wp-content\/uploads\/2016\/09\/P1100172_DxO-600x450.jpg 600w, https:\/\/www.sciences-unamur.be\/bio\/stagesciete\/wp-content\/uploads\/2016\/09\/P1100172_DxO-800x600.jpg 800w, https:\/\/www.sciences-unamur.be\/bio\/stagesciete\/wp-content\/uploads\/2016\/09\/P1100172_DxO-1200x900.jpg 1200w\" sizes=\"(max-width: 800px) 100vw, 400px\" \/><\/div><\/div><div class=\"person-desc\"><div class=\"person-author\"><div class=\"person-author-wrapper\"><span class=\"person-name\">Fr\u00e9d\u00e9ric Silvestre<\/span><span class=\"person-title\">Professeur de biologie<\/span><\/div><div class=\"fusion-social-networks boxed-icons\"><div class=\"fusion-social-networks-wrapper\"><a class=\"fusion-social-network-icon fusion-tooltip fusion-mail fusion-icon-mail\" aria-label=\"fusion-mail\" href=\"mailto:&#102;&#114;&#101;d&#101;&#114;&#105;&#099;&#046;&#115;il&#118;es&#116;re&#064;u&#110;a&#109;&#117;&#114;.&#098;e\" target=\"_self\" style=\"color:#bebdbd;background-color:#e8e8e8;border-color:#e8e8e8;border-radius:4px;font-size:16px;padding:8px;\" data-placement=\"top\" data-title=\"Mail\" title=\"Mail\" data-toggle=\"tooltip\"><\/a><\/div><\/div><\/div><div class=\"person-content fusion-clearfix\">Fr\u00e9d\u00e9ric est co-responsable acad\u00e9mique du stage depuis 2016. Professeur de biologie et de physiologie animale en URBE, il est \u00e9galement directeur du d\u00e9partement de biologie. Lors du stage, il guide les \u00e9tudiants \u00e0 travers l&#8217;ornithologie, la photographie nature et la biologie marine lorsque celle-ci est abord\u00e9e.<\/div><\/div><\/div><div class=\"fusion-clearfix\"><\/div>\n\n\t\t\t\t\t<\/div>\n\t\t\t\t<\/div><div  class=\"fusion-layout-column fusion_builder_column fusion_builder_column_1_3 fusion-builder-column-2 fusion-one-third 1_3\"  style='margin-top:0px;margin-bottom:20px;width:30.6666%; margin-right: 4%;'>\n\t\t\t\t\t<div class=\"fusion-column-wrapper\" style=\"padding: 0px 0px 0px 0px;background-position:left top;background-repeat:no-repeat;-webkit-background-size:cover;-moz-background-size:cover;-o-background-size:cover;background-size:cover;\"   data-bg-url=\"\">\n\t\t\t\t\t\t<div class=\"fusion-person person fusion-person-center fusion-person-2 fusion-person-icon-top\"><div class=\"person-shortcode-image-wrapper\"><div class=\"person-image-container hover-type-none\" style=\"border:0px solid #f6f6f6;-webkit-border-radius:0px;-moz-border-radius:0px;border-radius:0px;\"><img decoding=\"async\" loading=\"lazy\" class=\"person-img img-responsive wp-image-1085\" width=\"4608\" height=\"3456\" src=\"https:\/\/www.sciences-unamur.be\/bio\/stagesciete\/wp-content\/uploads\/2016\/09\/photo-Yans-terrain.jpg\" alt=\"Johan Yans\" srcset=\"https:\/\/www.sciences-unamur.be\/bio\/stagesciete\/wp-content\/uploads\/2016\/09\/photo-Yans-terrain-200x150.jpg 200w, https:\/\/www.sciences-unamur.be\/bio\/stagesciete\/wp-content\/uploads\/2016\/09\/photo-Yans-terrain-400x300.jpg 400w, https:\/\/www.sciences-unamur.be\/bio\/stagesciete\/wp-content\/uploads\/2016\/09\/photo-Yans-terrain-600x450.jpg 600w, https:\/\/www.sciences-unamur.be\/bio\/stagesciete\/wp-content\/uploads\/2016\/09\/photo-Yans-terrain-800x600.jpg 800w, https:\/\/www.sciences-unamur.be\/bio\/stagesciete\/wp-content\/uploads\/2016\/09\/photo-Yans-terrain-1200x900.jpg 1200w, https:\/\/www.sciences-unamur.be\/bio\/stagesciete\/wp-content\/uploads\/2016\/09\/photo-Yans-terrain.jpg 4608w\" sizes=\"(max-width: 800px) 100vw, 400px\" \/><\/div><\/div><div class=\"person-desc\"><div class=\"person-author\"><div class=\"person-author-wrapper\"><span class=\"person-name\">Johan Yans<\/span><span class=\"person-title\">Professeur de g\u00e9ologie<\/span><\/div><div class=\"fusion-social-networks boxed-icons\"><div class=\"fusion-social-networks-wrapper\"><a class=\"fusion-social-network-icon fusion-tooltip fusion-mail fusion-icon-mail\" aria-label=\"fusion-mail\" href=\"mailto:&#106;&#111;h&#097;n&#046;&#121;an&#115;&#064;&#117;&#110;a&#109;u&#114;.b&#101;\" target=\"_self\" style=\"color:#bebdbd;background-color:#e8e8e8;border-color:#e8e8e8;border-radius:4px;font-size:16px;padding:8px;\" data-placement=\"top\" data-title=\"Mail\" title=\"Mail\" data-toggle=\"tooltip\"><\/a><\/div><\/div><\/div><div class=\"person-content fusion-clearfix\">Co-responsable acad\u00e9mique du stage depuis 2016, Johan enseigne la G\u00e9ologie \u00e0 l\u2019Universit\u00e9 de Namur et dans plusieurs autres institutions universitaires. Il cherche \u00e0 comprendre l\u2019\u00e9volution de la flore et de la faune, en \u00e9tudiant la succession de fossiles r\u00e9colt\u00e9s dans des couches g\u00e9ologiques.<\/div><\/div><\/div><div class=\"fusion-clearfix\"><\/div>\n\n\t\t\t\t\t<\/div>\n\t\t\t\t<\/div><div  class=\"fusion-layout-column fusion_builder_column fusion_builder_column_1_3 fusion-builder-column-3 fusion-one-third fusion-column-last 1_3\"  style='margin-top:0px;margin-bottom:20px;width:30.6666%'>\n\t\t\t\t\t<div class=\"fusion-column-wrapper\" style=\"padding: 0px 0px 0px 0px;background-position:left top;background-repeat:no-repeat;-webkit-background-size:cover;-moz-background-size:cover;-o-background-size:cover;background-size:cover;\"   data-bg-url=\"\">\n\t\t\t\t\t\t<div class=\"fusion-person person fusion-person-center fusion-person-3 fusion-person-icon-top\"><div class=\"person-shortcode-image-wrapper\"><div class=\"person-image-container hover-type-none\" style=\"border:0px solid #f6f6f6;-webkit-border-radius:0px;-moz-border-radius:0px;border-radius:0px;\"><img decoding=\"async\" loading=\"lazy\" class=\"person-img img-responsive wp-image-994\" width=\"300\" height=\"300\" src=\"https:\/\/www.sciences-unamur.be\/bio\/stagesciete\/wp-content\/uploads\/2016\/09\/Marie-Laurence-Hubin-300x300.jpg\" alt=\"Marie-Laurence Hubin\" srcset=\"https:\/\/www.sciences-unamur.be\/bio\/stagesciete\/wp-content\/uploads\/2016\/09\/Marie-Laurence-Hubin-200x200.jpg 200w, https:\/\/www.sciences-unamur.be\/bio\/stagesciete\/wp-content\/uploads\/2016\/09\/Marie-Laurence-Hubin-400x400.jpg 400w, https:\/\/www.sciences-unamur.be\/bio\/stagesciete\/wp-content\/uploads\/2016\/09\/Marie-Laurence-Hubin-600x600.jpg 600w, https:\/\/www.sciences-unamur.be\/bio\/stagesciete\/wp-content\/uploads\/2016\/09\/Marie-Laurence-Hubin-800x800.jpg 800w, https:\/\/www.sciences-unamur.be\/bio\/stagesciete\/wp-content\/uploads\/2016\/09\/Marie-Laurence-Hubin-1200x1200.jpg 1200w\" sizes=\"(max-width: 800px) 100vw, 400px\" \/><\/div><\/div><div class=\"person-desc\"><div class=\"person-author\"><div class=\"person-author-wrapper\"><span class=\"person-name\">Marie-Laurence Hubin<\/span><span class=\"person-title\">Ma\u00eetre en didactique en biologie<\/span><\/div><div class=\"fusion-social-networks boxed-icons\"><div class=\"fusion-social-networks-wrapper\"><a class=\"fusion-social-network-icon fusion-tooltip fusion-mail fusion-icon-mail\" aria-label=\"fusion-mail\" href=\"mailto:&#109;a&#114;&#105;&#101;&#045;&#108;&#097;&#117;&#114;&#101;&#110;ce.&#104;&#117;bi&#110;&#064;unam&#117;&#114;&#046;&#098;e\" target=\"_self\" style=\"color:#bebdbd;background-color:#e8e8e8;border-color:#e8e8e8;border-radius:4px;font-size:16px;padding:8px;\" data-placement=\"top\" data-title=\"Mail\" title=\"Mail\" data-toggle=\"tooltip\"><\/a><\/div><\/div><\/div><div class=\"person-content fusion-clearfix\">Naturaliste confirm\u00e9e, Marie-Laurence est aussi comp\u00e9tente en entomologie qu&#8217;en ornithologie. Au stage, elle guide les groupe \u00e0 travers le monde fascinant des insectes et autres arthropodes.<\/div><\/div><\/div><div class=\"fusion-clearfix\"><\/div>\n\n\t\t\t\t\t<\/div>\n\t\t\t\t<\/div><div  class=\"fusion-layout-column fusion_builder_column fusion_builder_column_1_3 fusion-builder-column-4 fusion-one-third fusion-column-first 1_3\"  style='margin-top:0px;margin-bottom:20px;width:30.6666%; margin-right: 4%;'>\n\t\t\t\t\t<div class=\"fusion-column-wrapper\" style=\"padding: 0px 0px 0px 0px;background-position:left top;background-repeat:no-repeat;-webkit-background-size:cover;-moz-background-size:cover;-o-background-size:cover;background-size:cover;\"   data-bg-url=\"\">\n\t\t\t\t\t\t<div class=\"fusion-person person fusion-person-center fusion-person-4 fusion-person-icon-top\"><div class=\"person-shortcode-image-wrapper\"><div class=\"person-image-container hover-type-none\" style=\"border:0px solid #f6f6f6;-webkit-border-radius:0px;-moz-border-radius:0px;border-radius:0px;\"><img decoding=\"async\" loading=\"lazy\" class=\"person-img img-responsive wp-image-998\" width=\"300\" height=\"300\" src=\"https:\/\/www.sciences-unamur.be\/bio\/stagesciete\/wp-content\/uploads\/2016\/09\/Philippe-Martin-300x300.jpg\" alt=\"Philippe Martin\" srcset=\"https:\/\/www.sciences-unamur.be\/bio\/stagesciete\/wp-content\/uploads\/2016\/09\/Philippe-Martin-200x200.jpg 200w, https:\/\/www.sciences-unamur.be\/bio\/stagesciete\/wp-content\/uploads\/2016\/09\/Philippe-Martin-400x400.jpg 400w, https:\/\/www.sciences-unamur.be\/bio\/stagesciete\/wp-content\/uploads\/2016\/09\/Philippe-Martin-600x600.jpg 600w, https:\/\/www.sciences-unamur.be\/bio\/stagesciete\/wp-content\/uploads\/2016\/09\/Philippe-Martin-800x800.jpg 800w, https:\/\/www.sciences-unamur.be\/bio\/stagesciete\/wp-content\/uploads\/2016\/09\/Philippe-Martin-1200x1200.jpg 1200w, https:\/\/www.sciences-unamur.be\/bio\/stagesciete\/wp-content\/uploads\/2016\/09\/Philippe-Martin.jpg 1289w\" sizes=\"(max-width: 800px) 100vw, 400px\" \/><\/div><\/div><div class=\"person-desc\"><div class=\"person-author\"><div class=\"person-author-wrapper\"><span class=\"person-name\">Philippe Martin<\/span><span class=\"person-title\">Botaniste<\/span><\/div><div class=\"fusion-social-networks boxed-icons\"><div class=\"fusion-social-networks-wrapper\"><a class=\"fusion-social-network-icon fusion-tooltip fusion-mail fusion-icon-mail\" aria-label=\"fusion-mail\" href=\"mailto:&#109;&#097;&#112;h57&#064;gmail.&#099;om\" target=\"_self\" style=\"color:#bebdbd;background-color:#e8e8e8;border-color:#e8e8e8;border-radius:4px;font-size:16px;padding:8px;\" data-placement=\"top\" data-title=\"Mail\" title=\"Mail\" data-toggle=\"tooltip\"><\/a><\/div><\/div><\/div><div class=\"person-content fusion-clearfix\">Si vous cherchez un sp\u00e9cialiste en botanique, Philippe est l&#8217;homme qu&#8217;il vous faut. Gestionnaire de l&#8217;herbier \u00e0 l&#8217;UNamur, il initie les \u00e9tudiants aux plantes et autre v\u00e9g\u00e9taux lors du stage.<\/div><\/div><\/div><div class=\"fusion-clearfix\"><\/div>\n\n\t\t\t\t\t<\/div>\n\t\t\t\t<\/div><div  class=\"fusion-layout-column fusion_builder_column fusion_builder_column_1_3 fusion-builder-column-5 fusion-one-third 1_3\"  style='margin-top:0px;margin-bottom:20px;width:30.6666%; margin-right: 4%;'>\n\t\t\t\t\t<div class=\"fusion-column-wrapper\" style=\"padding: 0px 0px 0px 0px;background-position:left top;background-repeat:no-repeat;-webkit-background-size:cover;-moz-background-size:cover;-o-background-size:cover;background-size:cover;\"   data-bg-url=\"\">\n\t\t\t\t\t\t<div class=\"fusion-person person fusion-person-center fusion-person-5 fusion-person-icon-top\"><div class=\"person-shortcode-image-wrapper\"><div class=\"person-image-container hover-type-none\" style=\"border:0px solid #f6f6f6;-webkit-border-radius:0px;-moz-border-radius:0px;border-radius:0px;\"><img decoding=\"async\" loading=\"lazy\" class=\"person-img img-responsive wp-image-1457\" width=\"910\" height=\"906\" src=\"https:\/\/www.sciences-unamur.be\/bio\/stagesciete\/wp-content\/uploads\/2025\/09\/Screenshot-2025-09-14-at-13.29.53.png\" alt=\"Laura De Wandeleer\" srcset=\"https:\/\/www.sciences-unamur.be\/bio\/stagesciete\/wp-content\/uploads\/2025\/09\/Screenshot-2025-09-14-at-13.29.53-200x199.png 200w, https:\/\/www.sciences-unamur.be\/bio\/stagesciete\/wp-content\/uploads\/2025\/09\/Screenshot-2025-09-14-at-13.29.53-400x398.png 400w, https:\/\/www.sciences-unamur.be\/bio\/stagesciete\/wp-content\/uploads\/2025\/09\/Screenshot-2025-09-14-at-13.29.53-600x597.png 600w, https:\/\/www.sciences-unamur.be\/bio\/stagesciete\/wp-content\/uploads\/2025\/09\/Screenshot-2025-09-14-at-13.29.53-800x796.png 800w, https:\/\/www.sciences-unamur.be\/bio\/stagesciete\/wp-content\/uploads\/2025\/09\/Screenshot-2025-09-14-at-13.29.53.png 910w\" sizes=\"(max-width: 800px) 100vw, 910px\" \/><\/div><\/div><div class=\"person-desc\"><div class=\"person-author\"><div class=\"person-author-wrapper\"><span class=\"person-name\">Laura De Wandeleer<\/span><span class=\"person-title\">Assistante en biologie<\/span><\/div><div class=\"fusion-social-networks boxed-icons\"><div class=\"fusion-social-networks-wrapper\"><a class=\"fusion-social-network-icon fusion-tooltip fusion-mail fusion-icon-mail\" aria-label=\"fusion-mail\" href=\"mailto:&#108;au&#114;&#097;.d&#101;wa&#110;&#100;&#101;&#108;ee&#114;&#064;u&#110;&#097;mu&#114;.be\" target=\"_self\" style=\"color:#bebdbd;background-color:#e8e8e8;border-color:#e8e8e8;border-radius:4px;font-size:16px;padding:8px;\" data-placement=\"top\" data-title=\"Mail\" title=\"Mail\" data-toggle=\"tooltip\"><\/a><\/div><\/div><\/div><div class=\"person-content fusion-clearfix\">Biologiste et chiropt\u00e9rologue en devenir, Laura propose une initiation sur le monde discret des chauves-souris durant le stage. Gr\u00e2ce aux comp\u00e9tences acquises lors de son m\u00e9moire bas\u00e9 sur l\u2019analyse acoustique des chiropt\u00e8res, elle emm\u00e8ne les \u00e9tudiant\u00b7e\u00b7s sur le terrain la nuit tomb\u00e9e pour d\u00e9couvrir et \u00e9couter ces mammif\u00e8res volants.<\/div><\/div><\/div><div class=\"fusion-clearfix\"><\/div>\n\n\t\t\t\t\t<\/div>\n\t\t\t\t<\/div><div  class=\"fusion-layout-column fusion_builder_column fusion_builder_column_1_3 fusion-builder-column-6 fusion-one-third fusion-column-last 1_3\"  style='margin-top:0px;margin-bottom:20px;width:30.6666%'>\n\t\t\t\t\t<div class=\"fusion-column-wrapper\" style=\"padding: 0px 0px 0px 0px;background-position:left top;background-repeat:no-repeat;-webkit-background-size:cover;-moz-background-size:cover;-o-background-size:cover;background-size:cover;\"   data-bg-url=\"\">\n\t\t\t\t\t\t<div class=\"fusion-person person fusion-person-center fusion-person-6 fusion-person-icon-top\"><div class=\"person-shortcode-image-wrapper\"><div class=\"person-image-container hover-type-none\" style=\"border:0px solid #f6f6f6;-webkit-border-radius:0px;-moz-border-radius:0px;border-radius:0px;\"><img decoding=\"async\" loading=\"lazy\" class=\"person-img img-responsive wp-image-992\" width=\"238\" height=\"300\" src=\"https:\/\/www.sciences-unamur.be\/bio\/stagesciete\/wp-content\/uploads\/2016\/09\/fernande-238x300.jpg\" alt=\"Fernande Frising\" srcset=\"https:\/\/www.sciences-unamur.be\/bio\/stagesciete\/wp-content\/uploads\/2016\/09\/fernande-200x252.jpg 200w, https:\/\/www.sciences-unamur.be\/bio\/stagesciete\/wp-content\/uploads\/2016\/09\/fernande.jpg 372w\" sizes=\"(max-width: 800px) 100vw, 238px\" \/><\/div><\/div><div class=\"person-desc\"><div class=\"person-author\"><div class=\"person-author-wrapper\"><span class=\"person-name\">Fernande Frising<\/span><span class=\"person-title\">Docteur en physique<\/span><\/div><div class=\"fusion-social-networks boxed-icons\"><div class=\"fusion-social-networks-wrapper\"><a class=\"fusion-social-network-icon fusion-tooltip fusion-mail fusion-icon-mail\" aria-label=\"fusion-mail\" href=\"mailto:fe&#114;&#110;a&#110;&#100;e&#046;&#102;&#114;&#105;&#115;in&#103;&#064;u&#110;&#097;mur.&#098;e\" target=\"_self\" style=\"color:#bebdbd;background-color:#e8e8e8;border-color:#e8e8e8;border-radius:4px;font-size:16px;padding:8px;\" data-placement=\"top\" data-title=\"Mail\" title=\"Mail\" data-toggle=\"tooltip\"><\/a><\/div><\/div><\/div><div class=\"person-content fusion-clearfix\">Garante de la rigueur scientifique, Fernande se charge de lier les observations pendant le stage \u00e0 des ph\u00e9nom\u00e8nes physiques explicables. Ma\u00eetre en didactique en physique \u00e0 l&#8217;UNamur, elle transmet sa passion de l&#8217;enseignement \u00e0 des g\u00e9n\u00e9rations d&#8217;\u00e9tudiants.<\/div><\/div><\/div><div class=\"fusion-clearfix\"><\/div>\n\n\t\t\t\t\t<\/div>\n\t\t\t\t<\/div><div  class=\"fusion-layout-column fusion_builder_column fusion_builder_column_1_3 fusion-builder-column-7 fusion-one-third fusion-column-first 1_3\"  style='margin-top:0px;margin-bottom:20px;width:30.6666%; margin-right: 4%;'>\n\t\t\t\t\t<div class=\"fusion-column-wrapper\" style=\"padding: 0px 0px 0px 0px;background-position:left top;background-repeat:no-repeat;-webkit-background-size:cover;-moz-background-size:cover;-o-background-size:cover;background-size:cover;\"   data-bg-url=\"\">\n\t\t\t\t\t\t<div class=\"fusion-person person fusion-person-center fusion-person-7 fusion-person-icon-top\"><div class=\"person-shortcode-image-wrapper\"><div class=\"person-image-container hover-type-none\" style=\"border:0px solid #f6f6f6;-webkit-border-radius:0px;-moz-border-radius:0px;border-radius:0px;\"><img decoding=\"async\" loading=\"lazy\" class=\"person-img img-responsive wp-image-996\" width=\"300\" height=\"300\" src=\"https:\/\/www.sciences-unamur.be\/bio\/stagesciete\/wp-content\/uploads\/2016\/09\/Pierre-Devos-300x300.jpg\" alt=\"Pierre Devos\" srcset=\"https:\/\/www.sciences-unamur.be\/bio\/stagesciete\/wp-content\/uploads\/2016\/09\/Pierre-Devos-200x200.jpg 200w, https:\/\/www.sciences-unamur.be\/bio\/stagesciete\/wp-content\/uploads\/2016\/09\/Pierre-Devos-400x400.jpg 400w, https:\/\/www.sciences-unamur.be\/bio\/stagesciete\/wp-content\/uploads\/2016\/09\/Pierre-Devos-600x600.jpg 600w, https:\/\/www.sciences-unamur.be\/bio\/stagesciete\/wp-content\/uploads\/2016\/09\/Pierre-Devos-800x800.jpg 800w, https:\/\/www.sciences-unamur.be\/bio\/stagesciete\/wp-content\/uploads\/2016\/09\/Pierre-Devos.jpg 1193w\" sizes=\"(max-width: 800px) 100vw, 400px\" \/><\/div><\/div><div class=\"person-desc\"><div class=\"person-author\"><div class=\"person-author-wrapper\"><span class=\"person-name\">Pierre Devos<\/span><span class=\"person-title\">Professeur \u00e9m\u00e9rite de biologie<\/span><\/div><div class=\"fusion-social-networks boxed-icons\"><div class=\"fusion-social-networks-wrapper\"><a class=\"fusion-social-network-icon fusion-tooltip fusion-mail fusion-icon-mail\" aria-label=\"fusion-mail\" href=\"mailto:pi&#101;r&#114;&#101;&#046;&#100;&#101;&#118;&#111;&#115;&#064;un&#097;&#109;ur.b&#101;\" target=\"_self\" style=\"color:#bebdbd;background-color:#e8e8e8;border-color:#e8e8e8;border-radius:4px;font-size:16px;padding:8px;\" data-placement=\"top\" data-title=\"Mail\" title=\"Mail\" data-toggle=\"tooltip\"><\/a><\/div><\/div><\/div><div class=\"person-content fusion-clearfix\">Pierre a effectu\u00e9 la plus grande partie de sa carri\u00e8re en tant que professeur de biologie animale \u00e0 l&#8217;UNamur. Participant au stage depuis de nombreuses ann\u00e9es, il fait b\u00e9n\u00e9ficier les \u00e9tudiants de sa longue exp\u00e9rience, son apport est li\u00e9 \u00e0 l&#8217;enseignement de la zoologie pendant une trentaine d&#8217;ann\u00e9es avec un accent sur l&#8217;anatomie fonctionnelle des animaux et leur place dans l&#8217;histoire \u00e9volutive du vivant.<\/div><\/div><\/div><div class=\"fusion-clearfix\"><\/div>\n\n\t\t\t\t\t<\/div>\n\t\t\t\t<\/div><div  class=\"fusion-layout-column fusion_builder_column fusion_builder_column_1_1 fusion-builder-column-8 fusion-one-full fusion-column-last fusion-column-no-min-height 1_1\"  style='margin-top:0px;margin-bottom:0px;'>\n\t\t\t\t\t<div class=\"fusion-column-wrapper\" style=\"padding: 0px 0px 0px 0px;background-position:left top;background-repeat:no-repeat;-webkit-background-size:cover;-moz-background-size:cover;-o-background-size:cover;background-size:cover;\"   data-bg-url=\"\">\n\t\t\t\t\t\t<div class=\"fusion-sep-clear\"><\/div><div class=\"fusion-separator fusion-full-width-sep sep-none\" style=\"margin-left: auto;margin-right: auto;margin-top:20px;margin-bottom:20px;\"><\/div><div class=\"fusion-clearfix\"><\/div>\n\n\t\t\t\t\t<\/div>\n\t\t\t\t<\/div><\/div><\/div>\n","protected":false},"excerpt":{"rendered":"","protected":false},"author":1,"featured_media":0,"parent":0,"menu_order":0,"comment_status":"closed","ping_status":"closed","template":"","meta":{"_bbp_topic_count":0,"_bbp_reply_count":0,"_bbp_total_topic_count":0,"_bbp_total_reply_count":0,"_bbp_voice_count":0,"_bbp_anonymous_reply_count":0,"_bbp_topic_count_hidden":0,"_bbp_reply_count_hidden":0,"_bbp_forum_subforum_count":0,"_mi_skip_tracking":false,"_exactmetrics_sitenote_active":false,"_exactmetrics_sitenote_note":"","_exactmetrics_sitenote_category":0,"footnotes":""},"_links":{"self":[{"href":"https:\/\/www.sciences-unamur.be\/bio\/stagesciete\/index.php\/wp-json\/wp\/v2\/pages\/983"}],"collection":[{"href":"https:\/\/www.sciences-unamur.be\/bio\/stagesciete\/index.php\/wp-json\/wp\/v2\/pages"}],"about":[{"href":"https:\/\/www.sciences-unamur.be\/bio\/stagesciete\/index.php\/wp-json\/wp\/v2\/types\/page"}],"author":[{"embeddable":true,"href":"https:\/\/www.sciences-unamur.be\/bio\/stagesciete\/index.php\/wp-json\/wp\/v2\/users\/1"}],"replies":[{"embeddable":true,"href":"https:\/\/www.sciences-unamur.be\/bio\/stagesciete\/index.php\/wp-json\/wp\/v2\/comments?post=983"}],"version-history":[{"count":29,"href":"https:\/\/www.sciences-unamur.be\/bio\/stagesciete\/index.php\/wp-json\/wp\/v2\/pages\/983\/revisions"}],"predecessor-version":[{"id":1459,"href":"https:\/\/www.sciences-unamur.be\/bio\/stagesciete\/index.php\/wp-json\/wp\/v2\/pages\/983\/revisions\/1459"}],"wp:attachment":[{"href":"https:\/\/www.sciences-unamur.be\/bio\/stagesciete\/index.php\/wp-json\/wp\/v2\/media?parent=983"}],"curies":[{"name":"wp","href":"https:\/\/api.w.org\/{rel}","templated":true}]}}